{"id":183,"date":"2021-07-11T22:06:18","date_gmt":"2021-07-11T22:06:18","guid":{"rendered":"https:\/\/labcultur.com\/?page_id=183"},"modified":"2022-11-15T22:41:46","modified_gmt":"2022-11-15T22:41:46","slug":"nit-en-femeni","status":"publish","type":"page","link":"https:\/\/labcultur.com\/es\/nit-en-femeni","title":{"rendered":"Nit en Femen\u00ed"},"content":{"rendered":"\n<figure class=\"wp-block-image size-large\"><img loading=\"lazy\" width=\"960\" height=\"960\" src=\"https:\/\/labcultur.com\/wp-content\/uploads\/2022\/11\/cartel-Cat-Power.jpg\" alt=\"\" class=\"wp-image-510\" srcset=\"https:\/\/labcultur.com\/wp-content\/uploads\/2022\/11\/cartel-Cat-Power.jpg 960w, https:\/\/labcultur.com\/wp-content\/uploads\/2022\/11\/cartel-Cat-Power-300x300.jpg 300w, https:\/\/labcultur.com\/wp-content\/uploads\/2022\/11\/cartel-Cat-Power-150x150.jpg 150w, https:\/\/labcultur.com\/wp-content\/uploads\/2022\/11\/cartel-Cat-Power-768x768.jpg 768w\" sizes=\"(max-width: 767px) 89vw, (max-width: 1000px) 54vw, (max-width: 1071px) 543px, 580px\" \/><\/figure>\n\n\n\n<p>Integrado dentro de las actividades de conciertos y festivales que realizamos desde Laboratorio Cultural Ultramarino para dar visibilidad a artistas valencianas que encajan en nuestra filosof\u00eda de empresa basada en la protecci\u00f3n, conservaci\u00f3n y promoci\u00f3n del patrimonio musical y cultural valenciano. <\/p>\n\n\n\n<p>Tambi\u00e9n para dar visibilidad al talento femenino cada a\u00f1o en conciertos y festivales que lo muestran (She\u00b4&#8217;s the Fest i Nusa festival).<\/p>\n\n\n\n<p><strong>CAT POWER<\/strong><\/p>\n\n\n\n<p>La vocalista, compositora, m\u00fasica y productora Cat Power (Chan Marshall), ha publicado este a\u00f1o su nuevo \u00e1lbum, Covers, que incluye canciones totalmente reimaginadas de Frank Ocean, Bob Seger, Lana Del Rey, Jackson Browne, Iggy Pop, The Pogues, Nick Cave y The Replacements, entre otros, adem\u00e1s de una interpretaci\u00f3n actualizada de su propia canci\u00f3n \u00abHate\u00bb del \u00e1lbum The Greatest (2006), retitulada \u00abUnhate\u00bb para la ocasi\u00f3n. En todas ellas, Marshall imprime a las canciones una singularidad creativa que rivaliza con su obra original. Un paso m\u00e1s en la carrera de una artista de culto que lleva desde 1990 subida a los escenarios, desafiando los g\u00e9neros y las convenciones. Su legado ha repercutido en el trabajo de una amplia gama de artistas musicales contempor\u00e1neos.<\/p>\n\n\n\n<p><strong>SANDRA MONFORT<\/strong><\/p>\n\n\n\n<p>Le acompa\u00f1a en esta noche tan especial, la compositora, guitarrista y cantante valenciana Sandra Monfort. Graduada a la ESMUC (Escuela Superior de m\u00fasica de Catalu\u00f1a) con la especialidad de Guitarra Cl\u00e1sica. Empieza su recorrido por los escenarios como compositora e int\u00e9rprete del grupo de m\u00fasica valenciana \u00abXaluq\u00bb. Actualmente forma parte del grupo \u00abMarala\u00bb y pone en marcha su proyecto en solitario Ni\u00f1o Reptil \u00c1ngel un disco que atraviesa la tradici\u00f3n desde la caricia de la electr\u00f3nica y la poes\u00eda.<\/p>\n\n\n\n<figure class=\"wp-block-gallery columns-3 is-cropped\"><ul class=\"blocks-gallery-grid\"><li class=\"blocks-gallery-item\"><figure><img loading=\"lazy\" width=\"1024\" height=\"674\" src=\"https:\/\/labcultur.com\/wp-content\/uploads\/2022\/11\/RSG2071-1024x674.jpg\" alt=\"\" data-id=\"517\" data-full-url=\"https:\/\/labcultur.com\/wp-content\/uploads\/2022\/11\/RSG2071-scaled.jpg\" data-link=\"https:\/\/labcultur.com\/rsg2071-2\" class=\"wp-image-517\" srcset=\"https:\/\/labcultur.com\/wp-content\/uploads\/2022\/11\/RSG2071-1024x674.jpg 1024w, https:\/\/labcultur.com\/wp-content\/uploads\/2022\/11\/RSG2071-300x197.jpg 300w, https:\/\/labcultur.com\/wp-content\/uploads\/2022\/11\/RSG2071-768x506.jpg 768w, https:\/\/labcultur.com\/wp-content\/uploads\/2022\/11\/RSG2071-1536x1011.jpg 1536w, https:\/\/labcultur.com\/wp-content\/uploads\/2022\/11\/RSG2071-2048x1348.jpg 2048w\" sizes=\"(max-width: 767px) 89vw, (max-width: 1000px) 54vw, (max-width: 1071px) 543px, 580px\" \/><\/figure><\/li><li class=\"blocks-gallery-item\"><figure><img loading=\"lazy\" width=\"1024\" height=\"768\" src=\"https:\/\/labcultur.com\/wp-content\/uploads\/2022\/11\/04-WhatsApp-Image-2022-10-25-at-12.32.51.jpeg\" alt=\"\" data-id=\"520\" data-full-url=\"https:\/\/labcultur.com\/wp-content\/uploads\/2022\/11\/04-WhatsApp-Image-2022-10-25-at-12.32.51.jpeg\" data-link=\"https:\/\/labcultur.com\/04-whatsapp-image-2022-10-25-at-12-32-51\" class=\"wp-image-520\" srcset=\"https:\/\/labcultur.com\/wp-content\/uploads\/2022\/11\/04-WhatsApp-Image-2022-10-25-at-12.32.51.jpeg 1024w, https:\/\/labcultur.com\/wp-content\/uploads\/2022\/11\/04-WhatsApp-Image-2022-10-25-at-12.32.51-300x225.jpeg 300w, https:\/\/labcultur.com\/wp-content\/uploads\/2022\/11\/04-WhatsApp-Image-2022-10-25-at-12.32.51-768x576.jpeg 768w\" sizes=\"(max-width: 767px) 89vw, (max-width: 1000px) 54vw, (max-width: 1071px) 543px, 580px\" \/><\/figure><\/li><li class=\"blocks-gallery-item\"><figure><img loading=\"lazy\" width=\"1024\" height=\"684\" src=\"https:\/\/labcultur.com\/wp-content\/uploads\/2022\/11\/RSG2109-1024x684.jpg\" alt=\"\" data-id=\"523\" data-full-url=\"https:\/\/labcultur.com\/wp-content\/uploads\/2022\/11\/RSG2109-scaled.jpg\" data-link=\"https:\/\/labcultur.com\/_rsg2109\" class=\"wp-image-523\" srcset=\"https:\/\/labcultur.com\/wp-content\/uploads\/2022\/11\/RSG2109-1024x684.jpg 1024w, https:\/\/labcultur.com\/wp-content\/uploads\/2022\/11\/RSG2109-300x200.jpg 300w, https:\/\/labcultur.com\/wp-content\/uploads\/2022\/11\/RSG2109-768x513.jpg 768w, https:\/\/labcultur.com\/wp-content\/uploads\/2022\/11\/RSG2109-1536x1025.jpg 1536w, https:\/\/labcultur.com\/wp-content\/uploads\/2022\/11\/RSG2109-2048x1367.jpg 2048w, https:\/\/labcultur.com\/wp-content\/uploads\/2022\/11\/RSG2109-720x480.jpg 720w\" sizes=\"(max-width: 767px) 89vw, (max-width: 1000px) 54vw, (max-width: 1071px) 543px, 580px\" \/><\/figure><\/li><li class=\"blocks-gallery-item\"><figure><img loading=\"lazy\" width=\"1024\" height=\"684\" src=\"https:\/\/labcultur.com\/wp-content\/uploads\/2022\/11\/RSG2055-1024x684.jpg\" alt=\"\" data-id=\"526\" data-full-url=\"https:\/\/labcultur.com\/wp-content\/uploads\/2022\/11\/RSG2055-scaled.jpg\" data-link=\"https:\/\/labcultur.com\/_rsg2055\" class=\"wp-image-526\" srcset=\"https:\/\/labcultur.com\/wp-content\/uploads\/2022\/11\/RSG2055-1024x684.jpg 1024w, https:\/\/labcultur.com\/wp-content\/uploads\/2022\/11\/RSG2055-300x200.jpg 300w, https:\/\/labcultur.com\/wp-content\/uploads\/2022\/11\/RSG2055-768x513.jpg 768w, https:\/\/labcultur.com\/wp-content\/uploads\/2022\/11\/RSG2055-1536x1025.jpg 1536w, https:\/\/labcultur.com\/wp-content\/uploads\/2022\/11\/RSG2055-2048x1367.jpg 2048w, https:\/\/labcultur.com\/wp-content\/uploads\/2022\/11\/RSG2055-720x480.jpg 720w\" sizes=\"(max-width: 767px) 89vw, (max-width: 1000px) 54vw, (max-width: 1071px) 543px, 580px\" \/><\/figure><\/li><\/ul><\/figure>\n\n\n\n<p><\/p>\n","protected":false},"excerpt":{"rendered":"<p>Integrado dentro de las actividades de conciertos y festivales que realizamos desde Laboratorio Cultural Ultramarino para dar visibilidad a artistas valencianas que encajan en nuestra filosof\u00eda de empresa basada en la protecci\u00f3n, conservaci\u00f3n y promoci\u00f3n del patrimonio musical y cultural valenciano. Tambi\u00e9n para dar visibilidad al talento femenino cada a\u00f1o en conciertos y festivales que &hellip; <\/p>\n<p class=\"link-more\"><a href=\"https:\/\/labcultur.com\/es\/nit-en-femeni\" class=\"more-link\">Continuar leyendo<span class=\"screen-reader-text\"> \u00abNit en Femen\u00ed\u00bb<\/span><\/a><\/p>\n","protected":false},"author":1,"featured_media":0,"parent":0,"menu_order":0,"comment_status":"closed","ping_status":"closed","template":"","meta":[],"_links":{"self":[{"href":"https:\/\/labcultur.com\/es\/wp-json\/wp\/v2\/pages\/183"}],"collection":[{"href":"https:\/\/labcultur.com\/es\/wp-json\/wp\/v2\/pages"}],"about":[{"href":"https:\/\/labcultur.com\/es\/wp-json\/wp\/v2\/types\/page"}],"author":[{"embeddable":true,"href":"https:\/\/labcultur.com\/es\/wp-json\/wp\/v2\/users\/1"}],"replies":[{"embeddable":true,"href":"https:\/\/labcultur.com\/es\/wp-json\/wp\/v2\/comments?post=183"}],"version-history":[{"count":7,"href":"https:\/\/labcultur.com\/es\/wp-json\/wp\/v2\/pages\/183\/revisions"}],"predecessor-version":[{"id":628,"href":"https:\/\/labcultur.com\/es\/wp-json\/wp\/v2\/pages\/183\/revisions\/628"}],"wp:attachment":[{"href":"https:\/\/labcultur.com\/es\/wp-json\/wp\/v2\/media?parent=183"}],"curies":[{"name":"wp","href":"https:\/\/api.w.org\/{rel}","templated":true}]}}