{"id":205,"date":"2021-11-01T16:50:47","date_gmt":"2021-11-01T16:50:47","guid":{"rendered":"https:\/\/labcultur.com\/?page_id=205"},"modified":"2022-12-12T21:51:57","modified_gmt":"2022-12-12T21:51:57","slug":"rolling-doc","status":"publish","type":"page","link":"https:\/\/labcultur.com\/es\/rolling-doc","title":{"rendered":"Los Conciertos VisorFest"},"content":{"rendered":"\n<p>\u201cLos conciertos VisorFest\u201d tiene el concepto unitario de un evento\/ciclo\/festival musical formado por conciertos que se realizan en diferentes ubicaciones siempre con base en la Comunidad Valenciana y que puntualmente se ampl\u00eda a otras ciudades de Espa\u00f1a.<\/p>\n\n\n\n<p>Est\u00e1 basado en rememorar grandes artistas, de diferentes \u00e9pocas, lo que le dota de una coherencia y especializaci\u00f3n que lo convierte en ciclo \u00fanico en Espa\u00f1a y con una combinaci\u00f3n de artistas internacionales, nacionales y con una buena representaci\u00f3n de propuestas de la Comunidad Valenciana (bandas, artistas, dj\u2019s, productores musicales).<\/p>\n\n\n\n<figure class=\"wp-block-gallery columns-3 is-cropped\"><ul class=\"blocks-gallery-grid\"><li class=\"blocks-gallery-item\"><figure><img loading=\"lazy\" width=\"731\" height=\"1024\" src=\"https:\/\/labcultur.com\/wp-content\/uploads\/2022\/12\/Cartel-Petit-731x1024.jpg\" alt=\"\" data-id=\"689\" data-full-url=\"https:\/\/labcultur.com\/wp-content\/uploads\/2022\/12\/Cartel-Petit.jpg\" data-link=\"https:\/\/labcultur.com\/los-conciertos-visorfest\/light-teal-paper-textured-background\" class=\"wp-image-689\" srcset=\"https:\/\/labcultur.com\/wp-content\/uploads\/2022\/12\/Cartel-Petit-731x1024.jpg 731w, https:\/\/labcultur.com\/wp-content\/uploads\/2022\/12\/Cartel-Petit-214x300.jpg 214w, https:\/\/labcultur.com\/wp-content\/uploads\/2022\/12\/Cartel-Petit-768x1076.jpg 768w, https:\/\/labcultur.com\/wp-content\/uploads\/2022\/12\/Cartel-Petit.jpg 800w\" sizes=\"(max-width: 731px) 100vw, 731px\" \/><figcaption class=\"blocks-gallery-item__caption\">Poster mockup psd on the wall<\/figcaption><\/figure><\/li><li class=\"blocks-gallery-item\"><figure><img loading=\"lazy\" width=\"731\" height=\"1024\" src=\"https:\/\/labcultur.com\/wp-content\/uploads\/2022\/12\/Cartel-Cat-power-731x1024.jpg\" alt=\"\" data-id=\"692\" data-full-url=\"https:\/\/labcultur.com\/wp-content\/uploads\/2022\/12\/Cartel-Cat-power.jpg\" data-link=\"https:\/\/labcultur.com\/los-conciertos-visorfest\/light-teal-paper-textured-background-2\" class=\"wp-image-692\" srcset=\"https:\/\/labcultur.com\/wp-content\/uploads\/2022\/12\/Cartel-Cat-power-731x1024.jpg 731w, https:\/\/labcultur.com\/wp-content\/uploads\/2022\/12\/Cartel-Cat-power-214x300.jpg 214w, https:\/\/labcultur.com\/wp-content\/uploads\/2022\/12\/Cartel-Cat-power-768x1076.jpg 768w, https:\/\/labcultur.com\/wp-content\/uploads\/2022\/12\/Cartel-Cat-power.jpg 800w\" sizes=\"(max-width: 731px) 100vw, 731px\" \/><figcaption class=\"blocks-gallery-item__caption\">Poster mockup psd on the wall<\/figcaption><\/figure><\/li><li class=\"blocks-gallery-item\"><figure><img loading=\"lazy\" width=\"731\" height=\"1024\" src=\"https:\/\/labcultur.com\/wp-content\/uploads\/2022\/12\/Cartel-Simple-Minds-731x1024.jpg\" alt=\"\" data-id=\"695\" data-full-url=\"https:\/\/labcultur.com\/wp-content\/uploads\/2022\/12\/Cartel-Simple-Minds.jpg\" data-link=\"https:\/\/labcultur.com\/los-conciertos-visorfest\/light-teal-paper-textured-background-3\" class=\"wp-image-695\" srcset=\"https:\/\/labcultur.com\/wp-content\/uploads\/2022\/12\/Cartel-Simple-Minds-731x1024.jpg 731w, https:\/\/labcultur.com\/wp-content\/uploads\/2022\/12\/Cartel-Simple-Minds-214x300.jpg 214w, https:\/\/labcultur.com\/wp-content\/uploads\/2022\/12\/Cartel-Simple-Minds-768x1076.jpg 768w, https:\/\/labcultur.com\/wp-content\/uploads\/2022\/12\/Cartel-Simple-Minds.jpg 800w\" sizes=\"(max-width: 731px) 100vw, 731px\" \/><figcaption class=\"blocks-gallery-item__caption\">Poster mockup psd on the wall<\/figcaption><\/figure><\/li><li class=\"blocks-gallery-item\"><figure><img loading=\"lazy\" width=\"731\" height=\"1024\" src=\"https:\/\/labcultur.com\/wp-content\/uploads\/2022\/12\/Cartel-Waterboys-731x1024.jpg\" alt=\"\" data-id=\"698\" data-full-url=\"https:\/\/labcultur.com\/wp-content\/uploads\/2022\/12\/Cartel-Waterboys.jpg\" data-link=\"https:\/\/labcultur.com\/los-conciertos-visorfest\/light-teal-paper-textured-background-4\" class=\"wp-image-698\" srcset=\"https:\/\/labcultur.com\/wp-content\/uploads\/2022\/12\/Cartel-Waterboys-731x1024.jpg 731w, https:\/\/labcultur.com\/wp-content\/uploads\/2022\/12\/Cartel-Waterboys-214x300.jpg 214w, https:\/\/labcultur.com\/wp-content\/uploads\/2022\/12\/Cartel-Waterboys-768x1076.jpg 768w, https:\/\/labcultur.com\/wp-content\/uploads\/2022\/12\/Cartel-Waterboys.jpg 800w\" sizes=\"(max-width: 731px) 100vw, 731px\" \/><figcaption class=\"blocks-gallery-item__caption\">Poster mockup psd on the wall<\/figcaption><\/figure><\/li><li class=\"blocks-gallery-item\"><figure><img loading=\"lazy\" width=\"731\" height=\"1024\" src=\"https:\/\/labcultur.com\/wp-content\/uploads\/2022\/12\/Cartel-Front-242-731x1024.jpg\" alt=\"\" data-id=\"701\" data-full-url=\"https:\/\/labcultur.com\/wp-content\/uploads\/2022\/12\/Cartel-Front-242.jpg\" data-link=\"https:\/\/labcultur.com\/los-conciertos-visorfest\/light-teal-paper-textured-background-5\" class=\"wp-image-701\" srcset=\"https:\/\/labcultur.com\/wp-content\/uploads\/2022\/12\/Cartel-Front-242-731x1024.jpg 731w, https:\/\/labcultur.com\/wp-content\/uploads\/2022\/12\/Cartel-Front-242-214x300.jpg 214w, https:\/\/labcultur.com\/wp-content\/uploads\/2022\/12\/Cartel-Front-242-768x1076.jpg 768w, https:\/\/labcultur.com\/wp-content\/uploads\/2022\/12\/Cartel-Front-242.jpg 800w\" sizes=\"(max-width: 731px) 100vw, 731px\" \/><figcaption class=\"blocks-gallery-item__caption\">Poster mockup psd on the wall<\/figcaption><\/figure><\/li><li class=\"blocks-gallery-item\"><figure><img loading=\"lazy\" width=\"731\" height=\"1024\" src=\"https:\/\/labcultur.com\/wp-content\/uploads\/2022\/12\/Cartel-Silencers-731x1024.jpg\" alt=\"\" data-id=\"704\" data-full-url=\"https:\/\/labcultur.com\/wp-content\/uploads\/2022\/12\/Cartel-Silencers.jpg\" data-link=\"https:\/\/labcultur.com\/los-conciertos-visorfest\/light-teal-paper-textured-background-6\" class=\"wp-image-704\" srcset=\"https:\/\/labcultur.com\/wp-content\/uploads\/2022\/12\/Cartel-Silencers-731x1024.jpg 731w, https:\/\/labcultur.com\/wp-content\/uploads\/2022\/12\/Cartel-Silencers-214x300.jpg 214w, https:\/\/labcultur.com\/wp-content\/uploads\/2022\/12\/Cartel-Silencers-768x1076.jpg 768w, https:\/\/labcultur.com\/wp-content\/uploads\/2022\/12\/Cartel-Silencers.jpg 800w\" sizes=\"(max-width: 731px) 100vw, 731px\" \/><figcaption class=\"blocks-gallery-item__caption\">Poster mockup psd on the wall<\/figcaption><\/figure><\/li><li class=\"blocks-gallery-item\"><figure><img loading=\"lazy\" width=\"731\" height=\"1024\" src=\"https:\/\/labcultur.com\/wp-content\/uploads\/2022\/12\/Cartel-Rocio-Marquez-731x1024.jpg\" alt=\"\" data-id=\"707\" data-full-url=\"https:\/\/labcultur.com\/wp-content\/uploads\/2022\/12\/Cartel-Rocio-Marquez.jpg\" data-link=\"https:\/\/labcultur.com\/los-conciertos-visorfest\/light-teal-paper-textured-background-7\" class=\"wp-image-707\" srcset=\"https:\/\/labcultur.com\/wp-content\/uploads\/2022\/12\/Cartel-Rocio-Marquez-731x1024.jpg 731w, https:\/\/labcultur.com\/wp-content\/uploads\/2022\/12\/Cartel-Rocio-Marquez-214x300.jpg 214w, https:\/\/labcultur.com\/wp-content\/uploads\/2022\/12\/Cartel-Rocio-Marquez-768x1076.jpg 768w, https:\/\/labcultur.com\/wp-content\/uploads\/2022\/12\/Cartel-Rocio-Marquez.jpg 800w\" sizes=\"(max-width: 731px) 100vw, 731px\" \/><figcaption class=\"blocks-gallery-item__caption\">Poster mockup psd on the wall<\/figcaption><\/figure><\/li><li class=\"blocks-gallery-item\"><figure><img loading=\"lazy\" width=\"731\" height=\"1024\" src=\"https:\/\/labcultur.com\/wp-content\/uploads\/2022\/12\/Cartel-Stanich-731x1024.jpg\" alt=\"\" data-id=\"710\" data-full-url=\"https:\/\/labcultur.com\/wp-content\/uploads\/2022\/12\/Cartel-Stanich.jpg\" data-link=\"https:\/\/labcultur.com\/los-conciertos-visorfest\/light-teal-paper-textured-background-8\" class=\"wp-image-710\" srcset=\"https:\/\/labcultur.com\/wp-content\/uploads\/2022\/12\/Cartel-Stanich-731x1024.jpg 731w, https:\/\/labcultur.com\/wp-content\/uploads\/2022\/12\/Cartel-Stanich-214x300.jpg 214w, https:\/\/labcultur.com\/wp-content\/uploads\/2022\/12\/Cartel-Stanich-768x1076.jpg 768w, https:\/\/labcultur.com\/wp-content\/uploads\/2022\/12\/Cartel-Stanich.jpg 800w\" sizes=\"(max-width: 731px) 100vw, 731px\" \/><figcaption class=\"blocks-gallery-item__caption\">Poster mockup psd on the wall<\/figcaption><\/figure><\/li><\/ul><\/figure>\n","protected":false},"excerpt":{"rendered":"<p>\u201cLos conciertos VisorFest\u201d tiene el concepto unitario de un evento\/ciclo\/festival musical formado por conciertos que se realizan en diferentes ubicaciones siempre con base en la Comunidad Valenciana y que puntualmente se ampl\u00eda a otras ciudades de Espa\u00f1a. Est\u00e1 basado en rememorar grandes artistas, de diferentes \u00e9pocas, lo que le dota de una coherencia y especializaci\u00f3n &hellip; <\/p>\n<p class=\"link-more\"><a href=\"https:\/\/labcultur.com\/es\/rolling-doc\" class=\"more-link\">Continuar leyendo<span class=\"screen-reader-text\"> \u00abLos Conciertos VisorFest\u00bb<\/span><\/a><\/p>\n","protected":false},"author":1,"featured_media":0,"parent":0,"menu_order":0,"comment_status":"closed","ping_status":"closed","template":"","meta":[],"_links":{"self":[{"href":"https:\/\/labcultur.com\/es\/wp-json\/wp\/v2\/pages\/205"}],"collection":[{"href":"https:\/\/labcultur.com\/es\/wp-json\/wp\/v2\/pages"}],"about":[{"href":"https:\/\/labcultur.com\/es\/wp-json\/wp\/v2\/types\/page"}],"author":[{"embeddable":true,"href":"https:\/\/labcultur.com\/es\/wp-json\/wp\/v2\/users\/1"}],"replies":[{"embeddable":true,"href":"https:\/\/labcultur.com\/es\/wp-json\/wp\/v2\/comments?post=205"}],"version-history":[{"count":6,"href":"https:\/\/labcultur.com\/es\/wp-json\/wp\/v2\/pages\/205\/revisions"}],"predecessor-version":[{"id":723,"href":"https:\/\/labcultur.com\/es\/wp-json\/wp\/v2\/pages\/205\/revisions\/723"}],"wp:attachment":[{"href":"https:\/\/labcultur.com\/es\/wp-json\/wp\/v2\/media?parent=205"}],"curies":[{"name":"wp","href":"https:\/\/api.w.org\/{rel}","templated":true}]}}